{"id":794,"date":"2025-12-22T01:23:57","date_gmt":"2025-12-21T18:23:57","guid":{"rendered":"https:\/\/megafruit.vn\/?post_type=product&#038;p=794"},"modified":"2026-01-27T14:51:36","modified_gmt":"2026-01-27T07:51:36","slug":"xoai","status":"publish","type":"product","link":"https:\/\/megafruit.vn\/vi\/product\/xoai\/","title":{"rendered":"Xo\u00e0i"},"content":{"rendered":"<ul>\n<li>\u0110\u1ed9 Brix (tham kh\u1ea3o): 14 \u2013 20\u00b0Bx<\/li>\n<li>\u0110i\u1ec1u ki\u1ec7n b\u1ea3o qu\u1ea3n: \u2264 -18\u2103 ho\u1eb7c &lt; 10\u2103<\/li>\n<li>Th\u1eddi h\u1ea1n s\u1eed d\u1ee5ng: 12 th\u00e1ng (&lt; 10\u2103); 24 th\u00e1ng (\u2264 -18\u2103)<\/li>\n<li>Quy c\u00e1ch \u0111\u00f3ng g\u00f3i: T\u00fai (bag) 5kg, 10kg, 20kg, 50kg, 200kg ho\u1eb7c theo y\u00eau c\u1ea7u<\/li>\n<li>M\u00f9a v\u1ee5 t\u1ea1i Vi\u1ec7t Nam: Ch\u1ee7 y\u1ebfu t\u1eeb th\u00e1ng 3 \u2013 th\u00e1ng 7 (cao \u0111i\u1ec3m t\u1ea1i Nam B\u1ed9), c\u00f3 th\u1ec3 k\u00e9o d\u00e0i theo t\u1eebng v\u00f9ng tr\u1ed3ng<\/li>\n<li>\u1ee8ng d\u1ee5ng: \u0110\u1ed3 u\u1ed1ng, th\u1ef1c ph\u1ea9m, pha ch\u1ebf, s\u1eed d\u1ee5ng tr\u1ef1c ti\u1ebfp<\/li>\n<\/ul>\n","protected":false},"excerpt":{"rendered":"<p>Xo\u00e0i puree \u0111\u01b0\u1ee3c ch\u1ebf bi\u1ebfn t\u1eeb xo\u00e0i t\u01b0\u01a1i ch\u1ecdn l\u1ecdc, thu ho\u1ea1ch t\u1eeb v\u00f9ng tr\u1ed3ng \u0111\u1ea1t ti\u00eau chu\u1ea9n canh t\u00e1c t\u1ea1i Vi\u1ec7t Nam. S\u1ea3n ph\u1ea9m ho\u00e0n to\u00e0n t\u1ef1 nhi\u00ean, gi\u1eef tr\u1ecdn h\u01b0\u01a1ng v\u1ecb \u0111\u1eb7c tr\u01b0ng, m\u00e0u s\u1eafc v\u00e0 gi\u00e1 tr\u1ecb dinh d\u01b0\u1ee1ng, kh\u00f4ng s\u1eed d\u1ee5ng ch\u1ea5t b\u1ea3o qu\u1ea3n hay ph\u1ee5 gia, ph\u00f9 h\u1ee3p cho c\u00e1c th\u1ecb tr\u01b0\u1eddng qu\u1ed1c t\u1ebf.<\/p>\n","protected":false},"featured_media":636,"comment_status":"open","ping_status":"closed","template":"","meta":[],"product_brand":[],"product_cat":[38,95],"product_tag":[],"class_list":{"0":"post-794","1":"product","2":"type-product","3":"status-publish","4":"has-post-thumbnail","6":"product_cat-puree-juice-vi","7":"product_cat-xoai","9":"first","10":"instock","11":"shipping-taxable","12":"product-type-simple"},"_links":{"self":[{"href":"https:\/\/megafruit.vn\/vi\/wp-json\/wp\/v2\/product\/794","targetHints":{"allow":["GET"]}}],"collection":[{"href":"https:\/\/megafruit.vn\/vi\/wp-json\/wp\/v2\/product"}],"about":[{"href":"https:\/\/megafruit.vn\/vi\/wp-json\/wp\/v2\/types\/product"}],"replies":[{"embeddable":true,"href":"https:\/\/megafruit.vn\/vi\/wp-json\/wp\/v2\/comments?post=794"}],"wp:featuredmedia":[{"embeddable":true,"href":"https:\/\/megafruit.vn\/vi\/wp-json\/wp\/v2\/media\/636"}],"wp:attachment":[{"href":"https:\/\/megafruit.vn\/vi\/wp-json\/wp\/v2\/media?parent=794"}],"wp:term":[{"taxonomy":"product_brand","embeddable":true,"href":"https:\/\/megafruit.vn\/vi\/wp-json\/wp\/v2\/product_brand?post=794"},{"taxonomy":"product_cat","embeddable":true,"href":"https:\/\/megafruit.vn\/vi\/wp-json\/wp\/v2\/product_cat?post=794"},{"taxonomy":"product_tag","embeddable":true,"href":"https:\/\/megafruit.vn\/vi\/wp-json\/wp\/v2\/product_tag?post=794"}],"curies":[{"name":"wp","href":"https:\/\/api.w.org\/{rel}","templated":true}]}}