{"id":782,"date":"2025-02-11T12:52:10","date_gmt":"2025-02-11T12:52:10","guid":{"rendered":"https:\/\/megafruit.vn\/?page_id=782"},"modified":"2025-12-29T09:08:40","modified_gmt":"2025-12-29T09:08:40","slug":"lien-he","status":"publish","type":"page","link":"https:\/\/megafruit.vn\/vi\/lien-he\/","title":{"rendered":"Li\u00ean h\u1ec7"},"content":{"rendered":"\n\t<section class=\"section mbws-sec-banner1 mbws-sec-cover dark\" id=\"section_607920925\">\n\t\t<div class=\"section-bg fill\" >\n\t\t\t<img loading=\"lazy\" decoding=\"async\" width=\"1432\" height=\"519\" src=\"https:\/\/megafruit.vn\/wp-content\/uploads\/2025\/12\/Screenshot_95.png\" class=\"bg attachment-original size-original\" alt=\"\" \/>\t\t\t\t\t\t<div class=\"section-bg-overlay absolute fill\"><\/div>\n\t\t\t\n\n\t\t<\/div>\n\n\t\t\n\n\t\t<div class=\"section-content relative\">\n\t\t\t\n<div class=\"row\"  id=\"row-828402571\">\n\n\t<div id=\"col-1226308432\" class=\"col medium-7 small-12 large-7\"  >\n\t\t\t\t<div class=\"col-inner\"  >\n\t\t\t\n\t\t\t\n\n\t<div id=\"text-4010443197\" class=\"text title-bannerhomee\">\n\t\t\n<h1>\u0110\u1eebng ng\u1ea7n ng\u1ea1i <br \/><span class=\"themecolor\">li\u00ean h\u1ec7<\/span> ch\u00fang t\u00f4i<\/h1>\n\t\t\n<style>\n#text-4010443197 {\n  font-size: 3.1rem;\n}\n<\/style>\n\t<\/div>\n\t\n\n\n\t\t<\/div>\n\t\t\t\t\t<\/div>\n\n\t\n<\/div>\n\t\t<\/div>\n\n\t\t\n<style>\n#section_607920925 {\n  padding-top: 30px;\n  padding-bottom: 30px;\n  min-height: 315px;\n  background-color: rgba(0, 0, 0, 0.28);\n}\n#section_607920925 .section-bg-overlay {\n  background-color: rgba(0, 0, 0, 0.28);\n}\n@media (min-width:550px) {\n  #section_607920925 {\n    min-height: 410px;\n  }\n}\n@media (min-width:850px) {\n  #section_607920925 {\n    min-height: 615px;\n  }\n}\n<\/style>\n\t<\/section>\n\t\n\n\t<section class=\"section\" id=\"section_371589325\">\n\t\t<div class=\"section-bg fill\" >\n\t\t\t\t\t\t\t\t\t\n\t\t\t\n\n\t\t<\/div>\n\n\t\t\n\n\t\t<div class=\"section-content relative\">\n\t\t\t\n<div class=\"row\"  id=\"row-1818885486\">\n\n\t<div id=\"col-1725348795\" class=\"col medium-7 small-12 large-7\"  >\n\t\t\t\t<div class=\"col-inner\"  >\n\t\t\t\n\t\t\t\n\t<div id=\"text-283662018\" class=\"text\">\n\t\t\n<p><span style=\"color: #282828;\">N\u1ebfu b\u1ea1n c\u00f3 b\u1ea5t k\u1ef3 c\u00e2u h\u1ecfi n\u00e0o, vui l\u00f2ng \u0111i\u1ec1n v\u00e0o bi\u1ec3u m\u1eabu v\u00e0 g\u1eedi tin nh\u1eafn cho ch\u00fang t\u00f4i<\/span><\/p>\n\t\t\n<style>\n#text-283662018 {\n  font-size: 2.1rem;\n}\n<\/style>\n\t<\/div>\n\t\n\n<div class=\"wpcf7 no-js\" id=\"wpcf7-f895-o1\" lang=\"vi\" dir=\"ltr\" data-wpcf7-id=\"895\">\n<div class=\"screen-reader-response\"><p role=\"status\" aria-live=\"polite\" aria-atomic=\"true\"><\/p> <ul><\/ul><\/div>\n<form action=\"\/vi\/wp-json\/wp\/v2\/pages\/782#wpcf7-f895-o1\" method=\"post\" class=\"wpcf7-form init\" aria-label=\"Form li\u00ean h\u1ec7\" novalidate=\"novalidate\" data-status=\"init\">\n<fieldset class=\"hidden-fields-container\"><input type=\"hidden\" name=\"_wpcf7\" value=\"895\" \/><input type=\"hidden\" name=\"_wpcf7_version\" value=\"6.1.4\" \/><input type=\"hidden\" name=\"_wpcf7_locale\" value=\"vi\" \/><input type=\"hidden\" name=\"_wpcf7_unit_tag\" value=\"wpcf7-f895-o1\" \/><input type=\"hidden\" name=\"_wpcf7_container_post\" value=\"0\" \/><input type=\"hidden\" name=\"_wpcf7_posted_data_hash\" value=\"\" \/>\n<\/fieldset>\n<div style=\"display: none\"><p><span class=\"wpcf7-form-control-wrap\" data-name=\"mbws\"><input size=\"40\" class=\"wpcf7-form-control wpcf7-text\" aria-invalid=\"false\" value=\"\" type=\"text\" name=\"mbws\"><\/span><\/p><\/div><div class=\"mbws-row-lienhee\">\n\t<div class=\"mbws-col-lienhee1\">\n\t\t<p><span class=\"wpcf7-form-control-wrap\" data-name=\"email-39\"><input size=\"40\" maxlength=\"400\" class=\"wpcf7-form-control wpcf7-email wpcf7-text wpcf7-validates-as-email\" aria-invalid=\"false\" placeholder=\"Email\" value=\"\" type=\"email\" name=\"email-39\" \/><\/span>\n\t\t<\/p>\n\t<\/div>\n\t<div class=\"mbws-col-lienhee1\">\n\t\t<p><span class=\"wpcf7-form-control-wrap\" data-name=\"text-402\"><input size=\"40\" maxlength=\"400\" class=\"wpcf7-form-control wpcf7-text\" aria-invalid=\"false\" placeholder=\"H\u1ecd v\u00e0 T\u00ean\" value=\"\" type=\"text\" name=\"text-402\" \/><\/span>\n\t\t<\/p>\n\t<\/div>\n\t<div class=\"mbws-col-lienhee2\">\n\t\t<p><span class=\"wpcf7-form-control-wrap\" data-name=\"textarea-697\"><textarea cols=\"40\" rows=\"10\" maxlength=\"2000\" class=\"wpcf7-form-control wpcf7-textarea\" aria-invalid=\"false\" placeholder=\"N\u1ed9i dung\" name=\"textarea-697\"><\/textarea><\/span>\n\t\t<\/p>\n\t<\/div>\n\t<p><input class=\"wpcf7-form-control wpcf7-submit has-spinner\" type=\"submit\" value=\"G\u1eedi\" \/>\n\t<\/p>\n<\/div><div class=\"wpcf7-response-output\" aria-hidden=\"true\"><\/div>\n<\/form>\n<\/div>\n\n\t\t<\/div>\n\t\t\t\t\t<\/div>\n\n\t\n\n\t<div id=\"col-1239332643\" class=\"col medium-5 small-12 large-5\"  >\n\t\t\t\t<div class=\"col-inner\" style=\"background-color:rgb(255,255,255);\" >\n\t\t\t\n\t\t\t\n<h3 class=\"themecolor\">\u0110\u1ecba ch\u1ec9<\/h3>\n<hr class=\"no_line\" style=\"margin: 0 auto 5px auto;\" \/>\n<h4>MEGAFRUIT<\/h4>\n<p>\u0110\u1ecba ch\u1ec9:705 Ph\u1ea1m Th\u1ebf Hi\u1ec3n, Ph\u01b0\u1eddng Ch\u00e1nh H\u01b0ng, Th\u00e0nh ph\u1ed1 H\u1ed3 Ch\u00ed Minh <br \/>Email: <a href=\"mailto:info@megafruit.vn\">info@megafruit.vn<\/a><br \/>\u0110i\u1ec7n tho\u1ea1i\/whatsapp\/zalo: <a href=\"tel:+84 825160516\">+84 825160516<\/a><\/p>\n<hr class=\"no_line\" style=\"margin: 0 auto 10px auto;\" \/>\n<p>Th\u1ee9 hai \u2013 Th\u1ee9 s\u00e1u: 8:00 AM \u2013 5:00 PM<br \/>Th\u1ee9 b\u1ea3y: 10:00 AM \u2013 2:00 PM<\/p>\n\t\t<\/div>\n\t\t\t\t\n<style>\n#col-1239332643 > .col-inner {\n  padding: 50px 10% 50px 10%;\n}\n<\/style>\n\t<\/div>\n\n\t\n<\/div>\n\n<p><iframe src=\"https:\/\/www.google.com\/maps\/embed?pb=!1m18!1m12!1m3!1d3919.865315016837!2d106.67312187575996!3d10.744862059773672!2m3!1f0!2f0!3f0!3m2!1i1024!2i768!4f13.1!3m3!1m2!1s0x31752e552fd012d9%3A0xa2da2db6cad4cc50!2zNzA1IFBo4bqhbSBUaOG6vyBIaeG7g24sIFBoxrDhu51uZyA0LCBRdeG6rW4gOCwgVGjDoG5oIHBo4buRIEjhu5MgQ2jDrSBNaW5oLCBWaWV0bmFt!5e0!3m2!1sen!2s!4v1765962326115!5m2!1sen!2s\" width=\"100%\" height=\"450\" style=\"border:0;\" allowfullscreen=\"\" loading=\"lazy\" referrerpolicy=\"no-referrer-when-downgrade\"><\/iframe><br \/>\n\n\t\t<\/div>\n\n\t\t\n<style>\n#section_371589325 {\n  padding-top: 30px;\n  padding-bottom: 30px;\n  background-color: rgb(250, 250, 249);\n}\n<\/style>\n\t<\/section>\n\t\n\n\n","protected":false},"excerpt":{"rendered":"","protected":false},"author":2,"featured_media":0,"parent":0,"menu_order":0,"comment_status":"closed","ping_status":"closed","template":"page-transparent-header.php","meta":{"footnotes":""},"class_list":["post-782","page","type-page","status-publish","hentry"],"_links":{"self":[{"href":"https:\/\/megafruit.vn\/vi\/wp-json\/wp\/v2\/pages\/782","targetHints":{"allow":["GET"]}}],"collection":[{"href":"https:\/\/megafruit.vn\/vi\/wp-json\/wp\/v2\/pages"}],"about":[{"href":"https:\/\/megafruit.vn\/vi\/wp-json\/wp\/v2\/types\/page"}],"author":[{"embeddable":true,"href":"https:\/\/megafruit.vn\/vi\/wp-json\/wp\/v2\/users\/2"}],"replies":[{"embeddable":true,"href":"https:\/\/megafruit.vn\/vi\/wp-json\/wp\/v2\/comments?post=782"}],"version-history":[{"count":2,"href":"https:\/\/megafruit.vn\/vi\/wp-json\/wp\/v2\/pages\/782\/revisions"}],"predecessor-version":[{"id":896,"href":"https:\/\/megafruit.vn\/vi\/wp-json\/wp\/v2\/pages\/782\/revisions\/896"}],"wp:attachment":[{"href":"https:\/\/megafruit.vn\/vi\/wp-json\/wp\/v2\/media?parent=782"}],"curies":[{"name":"wp","href":"https:\/\/api.w.org\/{rel}","templated":true}]}}