{"id":726,"date":"2025-02-11T12:51:44","date_gmt":"2025-02-11T05:51:44","guid":{"rendered":"https:\/\/megafruit.vn\/about-us\/"},"modified":"2026-01-29T10:36:27","modified_gmt":"2026-01-29T03:36:27","slug":"gioi-thieu","status":"publish","type":"page","link":"https:\/\/megafruit.vn\/vi\/gioi-thieu\/","title":{"rendered":"Gi\u1edbi thi\u1ec7u"},"content":{"rendered":"\n\t<section class=\"section\" id=\"section_782919891\">\n\t\t<div class=\"section-bg fill\" >\n\t\t\t\t\t\t\t\t\t\n\t\t\t\n\n\t\t<\/div>\n\n\t\t\n\n\t\t<div class=\"section-content relative\">\n\t\t\t\n\n  <div class=\"banner has-hover has-parallax\" id=\"banner-1479884350\">\n          <div class=\"banner-inner fill\">\n        <div class=\"banner-bg fill\" data-parallax=\"-8\" data-parallax-container=\".banner\" data-parallax-background>\n            <img loading=\"lazy\" decoding=\"async\" width=\"1536\" height=\"1024\" src=\"https:\/\/megafruit.vn\/wp-content\/uploads\/2026\/01\/Banner-megafruit-1.png\" class=\"bg attachment-original size-original\" alt=\"\" \/>                                    \n                    <\/div>\n\t\t\n        <div class=\"banner-layers container\">\n            <div class=\"fill banner-link\"><\/div>            \n   <div id=\"text-box-830604692\" class=\"text-box banner-layer x50 md-x100 lg-x100 y100 md-y25 lg-y25 res-text\">\n                                <div class=\"text-box-content text dark\">\n              \n              <div class=\"text-inner text-center\">\n                  \n\t<div id=\"text-1340638154\" class=\"text hide-for-small\">\n\t\t\n<h1><span style=\"font-size: 130%;\">Bringing Vietnam\u2019s Fruits <\/span><span class=\"white\"><span style=\"font-size: 120%;\">to Global Tables<\/span><\/span><\/h1>\n\t\t\n<style>\n#text-1340638154 {\n  font-size: 0.75rem;\n  line-height: 2;\n  color: rgb(255,255,255);\n}\n#text-1340638154 > * {\n  color: rgb(255,255,255);\n}\n<\/style>\n\t<\/div>\n\t\n              <\/div>\n           <\/div>\n                            \n<style>\n#text-box-830604692 {\n  width: 65%;\n}\n#text-box-830604692 .text-box-content {\n  font-size: 100%;\n}\n<\/style>\n    <\/div>\n \n        <\/div>\n      <\/div>\n\n            \n<style>\n#banner-1479884350 {\n  padding-top: 76.72%;\n}\n#banner-1479884350 .overlay {\n  background-color: rgba(0, 0, 0, 0);\n}\n#banner-1479884350 .banner-bg img {\n  object-position: 100% 42%;\n}\n@media (min-width:550px) {\n  #banner-1479884350 {\n    padding-top: 51.41%;\n  }\n}\n<\/style>\n  <\/div>\n\n\n\t\t<\/div>\n\n\t\t\n<style>\n#section_782919891 {\n  padding-top: 30px;\n  padding-bottom: 30px;\n}\n<\/style>\n\t<\/section>\n\t\n\n\n\t<section class=\"section\" id=\"section_83533609\">\n\t\t<div class=\"section-bg fill\" >\n\t\t\t\t\t\t\t\t\t<div class=\"section-bg-overlay absolute fill\"><\/div>\n\t\t\t\n\n\t\t<\/div>\n\n\t\t\n\n\t\t<div class=\"section-content relative\">\n\t\t\t\n<div class=\"row\"  id=\"row-1085718500\">\n\n\t<div id=\"col-447735848\" class=\"col medium-8 small-12 large-11\"  >\n\t\t\t\t<div class=\"col-inner\"  >\n\t\t\t\n\t\t\t\n\t<div id=\"text-1958283284\" class=\"text\">\n\t\t\n<h2>Megafruit\u2019s Mission<\/h2>\n\t\t\n<style>\n#text-1958283284 {\n  text-align: center;\n  color: rgb(0,0,0);\n}\n#text-1958283284 > * {\n  color: rgb(0,0,0);\n}\n<\/style>\n\t<\/div>\n\t\n\t<div id=\"text-479326032\" class=\"text\">\n\t\t\n<p style=\"text-align: justify;\" data-start=\"496\" data-end=\"671\">Th\u00e0nh l\u1eadp n\u0103m 2025, Megafruit Co., Ltd \u0111\u01b0\u1ee3c x\u00e2y d\u1ef1ng v\u1edbi m\u1ee5c ti\u00eau tr\u1edf th\u00e0nh \u0111\u1ed1i t\u00e1c th\u01b0\u01a1ng m\u1ea1i \u0111\u00e1ng tin c\u1eady, k\u1ebft n\u1ed1i hi\u1ec7u qu\u1ea3 gi\u1eefa nh\u00e0 s\u1ea3n xu\u1ea5t Vi\u1ec7t Nam v\u00e0 th\u1ecb tr\u01b0\u1eddng qu\u1ed1c t\u1ebf.<\/p>\n<p style=\"text-align: justify;\" data-start=\"673\" data-end=\"944\">V\u1edbi n\u1ec1n t\u1ea3ng kinh nghi\u1ec7m th\u1ef1c ti\u1ec5n trong l\u0129nh v\u1ef1c n\u00f4ng s\u1ea3n v\u00e0 xu\u1ea5t kh\u1ea9u, ch\u00fang t\u00f4i v\u1eadn h\u00e0nh d\u1ef1a tr\u00ean c\u00e1c gi\u00e1 tr\u1ecb c\u1ed1t l\u00f5i: chuy\u00ean m\u00f4n, minh b\u1ea1ch v\u00e0 cam k\u1ebft ch\u1ea5t l\u01b0\u1ee3ng. M\u1ed7i quy\u1ebft \u0111\u1ecbnh kinh doanh \u0111\u1ec1u h\u01b0\u1edbng \u0111\u1ebfn vi\u1ec7c t\u1ea1o ra gi\u00e1 tr\u1ecb b\u1ec1n v\u1eefng cho \u0111\u1ed1i t\u00e1c v\u00e0 kh\u00e1ch h\u00e0ng to\u00e0n c\u1ea7u.<\/p>\n<p style=\"text-align: justify;\" data-start=\"946\" data-end=\"1157\">Megafruit h\u01b0\u1edbng t\u1edbi x\u00e2y d\u1ef1ng m\u1ed9t h\u1ec7 sinh th\u00e1i th\u01b0\u01a1ng m\u1ea1i hi\u1ec7n \u0111\u1ea1i, trong \u0111\u00f3 m\u1ed7i s\u1ea3n ph\u1ea9m \u0111\u01b0\u1ee3c tuy\u1ec3n ch\u1ecdn v\u00e0 ki\u1ec3m so\u00e1t nghi\u00eam ng\u1eb7t, \u0111\u00e1p \u1ee9ng c\u00e1c ti\u00eau chu\u1ea9n qu\u1ed1c t\u1ebf v\u00e0 nhu c\u1ea7u ng\u00e0y c\u00e0ng cao c\u1ee7a th\u1ecb tr\u01b0\u1eddng th\u1ebf gi\u1edbi.<\/p>\n\t\t\n<style>\n#text-479326032 {\n  color: rgb(0,0,0);\n}\n#text-479326032 > * {\n  color: rgb(0,0,0);\n}\n<\/style>\n\t<\/div>\n\t\n\t\t<\/div>\n\t\t\t\t\t<\/div>\n\n\t\n<\/div>\n\t\t<\/div>\n\n\t\t\n<style>\n#section_83533609 {\n  padding-top: 40px;\n  padding-bottom: 40px;\n}\n#section_83533609 .section-bg-overlay {\n  background-color: rgba(255, 255, 255, 0.634);\n}\n<\/style>\n\t<\/section>\n\t\n\n\n\t<section class=\"section\" id=\"section_1432468631\">\n\t\t<div class=\"section-bg fill\" >\n\t\t\t\t\t\t\t\t\t\n\t\t\t\n\n\t\t<\/div>\n\n\t\t\n\n\t\t<div class=\"section-content relative\">\n\t\t\t\n<div class=\"row align-middle\"  id=\"row-1953628126\">\n\n\t<div id=\"col-1623732614\" class=\"col medium-6 small-12 large-6\"  >\n\t\t\t\t<div class=\"col-inner\"  >\n\t\t\t\n\t\t\t\n<h2 style=\"text-align: justify;\">Gi\u00e1 tr\u1ecb c\u1ed1t\u00a0 l\u00f5i<\/h2>\n<hr class=\"no_line\" style=\"margin: 0 auto 25px auto;\" \/>\n<ul>\n<li style=\"text-align: justify;\" data-start=\"1184\" data-end=\"1279\"><strong data-start=\"1184\" data-end=\"1198\">Ch\u00ednh tr\u1ef1c: <\/strong>Ch\u00fang t\u00f4i \u0111\u1eb7t uy t\u00edn v\u00e0 s\u1ef1 minh b\u1ea1ch l\u00e0m n\u1ec1n t\u1ea3ng trong m\u1ecdi ho\u1ea1t \u0111\u1ed9ng h\u1ee3p t\u00e1c.<\/li>\n<li style=\"text-align: justify;\" data-start=\"1281\" data-end=\"1385\"><strong data-start=\"1281\" data-end=\"1295\">Ch\u1ea5t l\u01b0\u1ee3ng: <\/strong>Cam k\u1ebft cung c\u1ea5p n\u00f4ng s\u1ea3n \u0111\u1ea1t ti\u00eau chu\u1ea9n cao, \u1ed5n \u0111\u1ecbnh v\u00e0 ph\u00f9 h\u1ee3p v\u1edbi y\u00eau c\u1ea7u xu\u1ea5t kh\u1ea9u.<\/li>\n<li style=\"text-align: justify;\" data-start=\"1387\" data-end=\"1484\"><strong data-start=\"1387\" data-end=\"1398\">\u0110\u1ed5i m\u1edbi: <\/strong>Li\u00ean t\u1ee5c \u1ee9ng d\u1ee5ng c\u00f4ng ngh\u1ec7 v\u00e0 quy tr\u00ecnh m\u1edbi trong s\u1ea3n xu\u1ea5t, ch\u1ebf bi\u1ebfn v\u00e0 logistics.<\/li>\n<li style=\"text-align: justify;\" data-start=\"1387\" data-end=\"1484\"><strong style=\"color: #555555;\" data-start=\"1486\" data-end=\"1506\">H\u1ee3p t\u00e1c b\u1ec1n v\u1eefng: <\/strong>X\u00e2y d\u1ef1ng m\u1ed1i quan h\u1ec7 d\u00e0i h\u1ea1n, c\u00f9ng ph\u00e1t tri\u1ec3n v\u1edbi n\u00f4ng d\u00e2n, nh\u00e0 m\u00e1y v\u00e0 \u0111\u1ed1i t\u00e1c qu\u1ed1c t\u1ebf.<\/li>\n<\/ul>\n\t\t<\/div>\n\t\t\t\t\t<\/div>\n\n\t\n\n\t<div id=\"col-1111101447\" class=\"col medium-6 small-12 large-6 small-col-first\"  >\n\t\t\t\t<div class=\"col-inner\"  >\n\t\t\t\n\t\t\t\n\t<div class=\"img has-hover x md-x lg-x y md-y lg-y\" id=\"image_2121964691\">\n\t\t\t\t\t\t\t\t<div class=\"img-inner image-cover dark\" style=\"padding-top:56.25%;\">\n\t\t\t<img loading=\"lazy\" decoding=\"async\" width=\"958\" height=\"628\" src=\"https:\/\/megafruit.vn\/wp-content\/uploads\/2025\/12\/Screenshot_69.png\" class=\"attachment-original size-original\" alt=\"\" srcset=\"https:\/\/megafruit.vn\/wp-content\/uploads\/2025\/12\/Screenshot_69.png 958w, https:\/\/megafruit.vn\/wp-content\/uploads\/2025\/12\/Screenshot_69-300x197.png 300w, https:\/\/megafruit.vn\/wp-content\/uploads\/2025\/12\/Screenshot_69-768x503.png 768w, https:\/\/megafruit.vn\/wp-content\/uploads\/2025\/12\/Screenshot_69-600x393.png 600w\" sizes=\"auto, (max-width: 958px) 100vw, 958px\" \/>\t\t\t\t\t\t\n\t\t\t\t\t<\/div>\n\t\t\t\t\t\t\t\t\n<style>\n#image_2121964691 {\n  width: 100%;\n}\n<\/style>\n\t<\/div>\n\t\n\t\t<\/div>\n\t\t\t\t\n<style>\n#col-1111101447 > .col-inner {\n  margin: 0px 0px 0px 0px;\n}\n<\/style>\n\t<\/div>\n\n\t\n\n\t<div id=\"col-1129763115\" class=\"col medium-6 small-12 large-6\"  >\n\t\t\t\t<div class=\"col-inner\"  >\n\t\t\t\n\t\t\t\n\n\t\t<\/div>\n\t\t\t\t\n<style>\n#col-1129763115 > .col-inner {\n  padding: 0px 0px 0px 40px;\n}\n<\/style>\n\t<\/div>\n\n\t\n<\/div>\n<div class=\"row row-small align-middle\"  id=\"row-1192098988\">\n\n\t<div id=\"col-777674942\" class=\"col medium-6 small-12 large-6\"  >\n\t\t\t\t<div class=\"col-inner\"  >\n\t\t\t\n\t\t\t\n\t<div class=\"img has-hover x md-x lg-x y md-y lg-y\" id=\"image_2018179880\">\n\t\t\t\t\t\t\t\t<div class=\"img-inner image-cover dark\" style=\"padding-top:56.25%;\">\n\t\t\t<img loading=\"lazy\" decoding=\"async\" width=\"957\" height=\"637\" src=\"https:\/\/megafruit.vn\/wp-content\/uploads\/2025\/12\/Screenshot_68.png\" class=\"attachment-original size-original\" alt=\"\" srcset=\"https:\/\/megafruit.vn\/wp-content\/uploads\/2025\/12\/Screenshot_68.png 957w, https:\/\/megafruit.vn\/wp-content\/uploads\/2025\/12\/Screenshot_68-300x200.png 300w, https:\/\/megafruit.vn\/wp-content\/uploads\/2025\/12\/Screenshot_68-768x511.png 768w, https:\/\/megafruit.vn\/wp-content\/uploads\/2025\/12\/Screenshot_68-600x399.png 600w\" sizes=\"auto, (max-width: 957px) 100vw, 957px\" \/>\t\t\t\t\t\t\n\t\t\t\t\t<\/div>\n\t\t\t\t\t\t\t\t\n<style>\n#image_2018179880 {\n  width: 100%;\n}\n<\/style>\n\t<\/div>\n\t\n\t\t<\/div>\n\t\t\t\t\t<\/div>\n\n\t\n\n\t<div id=\"col-1594127793\" class=\"col medium-6 small-12 large-6\"  >\n\t\t\t\t<div class=\"col-inner\"  >\n\t\t\t\n\t\t\t\n<h2>Cam k\u1ebft v\u1edbi kh\u00e1ch h\u00e0ng &amp; \u0111\u1ed1i t\u00e1c<\/h2>\n<hr class=\"no_line\" style=\"margin: 0 auto 25px auto;\" \/>\n<ul>\n<li data-start=\"1640\" data-end=\"1708\">\n<p data-start=\"1642\" data-end=\"1708\">S\u1ea3n ph\u1ea9m ch\u1ea5t l\u01b0\u1ee3ng cao, c\u00f3 kh\u1ea3 n\u0103ng truy xu\u1ea5t ngu\u1ed3n g\u1ed1c r\u00f5 r\u00e0ng.<\/p>\n<\/li>\n<li data-start=\"1709\" data-end=\"1762\">\n<p data-start=\"1711\" data-end=\"1762\">Gi\u00e1 c\u1ea3 c\u1ea1nh tranh v\u00e0 ch\u00ednh s\u00e1ch h\u1ee3p t\u00e1c minh b\u1ea1ch.<\/p>\n<\/li>\n<li data-start=\"1763\" data-end=\"1826\">\n<p data-start=\"1765\" data-end=\"1826\">D\u1ecbch v\u1ee5 h\u1ed7 tr\u1ee3 chuy\u00ean nghi\u1ec7p t\u1eeb kh\u00e2u \u0111\u1eb7t h\u00e0ng \u0111\u1ebfn giao nh\u1eadn.<\/p>\n<\/li>\n<li data-start=\"1827\" data-end=\"1904\">\n<p data-start=\"1829\" data-end=\"1904\">Kh\u00f4ng ng\u1eebng c\u1ea3i ti\u1ebfn d\u1ef1a tr\u00ean ti\u00eau chu\u1ea9n th\u1ecb tr\u01b0\u1eddng v\u00e0 ph\u1ea3n h\u1ed3i c\u1ee7a \u0111\u1ed1i t\u00e1c.<\/p>\n<\/li>\n<\/ul>\n\t\t<\/div>\n\t\t\t\t\n<style>\n#col-1594127793 > .col-inner {\n  padding: 0px 0px 0px 0px;\n}\n@media (min-width:550px) {\n  #col-1594127793 > .col-inner {\n    padding: 0px 40px 0px 0px;\n  }\n}\n<\/style>\n\t<\/div>\n\n\t\n<\/div>\n<div class=\"row align-middle\"  id=\"row-1206811546\">\n\n\t<div id=\"col-172130554\" class=\"col medium-6 small-12 large-6\"  >\n\t\t\t\t<div class=\"col-inner\"  >\n\t\t\t\n\t\t\t\n<h2>\u0110\u1ecbnh h\u01b0\u1edbng ph\u00e1t tri\u1ec3n<\/h2>\n<hr class=\"no_line\" style=\"margin: 0 auto 25px auto;\" \/>\n<ul>\n<li style=\"text-align: justify;\">\n<p data-start=\"1937\" data-end=\"2072\">Megafruit t\u1eadp trung m\u1edf r\u1ed9ng m\u1ea1ng l\u01b0\u1edbi cung \u1ee9ng trong n\u01b0\u1edbc song song v\u1edbi ph\u00e1t tri\u1ec3n th\u1ecb tr\u01b0\u1eddng xu\u1ea5t kh\u1ea9u sang ch\u00e2u \u00c1, ch\u00e2u \u00c2u v\u00e0 B\u1eafc M\u1ef9.<\/p>\n<p data-start=\"2074\" data-end=\"2095\">Ch\u00fang t\u00f4i \u0111\u1ea7u t\u01b0 v\u00e0o:<\/p>\n<ul data-start=\"2097\" data-end=\"2224\">\n<li data-start=\"2097\" data-end=\"2142\">\n<p data-start=\"2099\" data-end=\"2142\">H\u1ec7 th\u1ed1ng thu mua tr\u1ef1c ti\u1ebfp t\u1ea1i v\u00f9ng tr\u1ed3ng<\/p>\n<\/li>\n<li data-start=\"2143\" data-end=\"2180\">\n<p data-start=\"2145\" data-end=\"2180\">C\u01a1 s\u1edf \u0111\u00f3ng g\u00f3i \u2013 s\u01a1 ch\u1ebf \u0111\u1ea1t chu\u1ea9n<\/p>\n<\/li>\n<li data-start=\"2181\" data-end=\"2224\">\n<p data-start=\"2183\" data-end=\"2224\">Chu\u1ed7i logistics v\u00e0 th\u01b0\u01a1ng m\u1ea1i \u0111i\u1ec7n t\u1eed B2B<\/p>\n<\/li>\n<\/ul>\n<p data-start=\"2226\" data-end=\"2368\">V\u1edbi \u0111\u1ed9i ng\u0169 gi\u00e0u kinh nghi\u1ec7m v\u00e0 t\u1ea7m nh\u00ecn d\u00e0i h\u1ea1n, Megafruit h\u01b0\u1edbng t\u1edbi v\u1ecb th\u1ebf l\u00e0 nh\u00e0 cung c\u1ea5p n\u00f4ng s\u1ea3n Vi\u1ec7t Nam uy t\u00edn tr\u00ean th\u1ecb tr\u01b0\u1eddng qu\u1ed1c t\u1ebf.<\/p>\n<\/li>\n<\/ul>\n\t\t<\/div>\n\t\t\t\t\t<\/div>\n\n\t\n\n\t<div id=\"col-855995134\" class=\"col medium-6 small-12 large-6 small-col-first\"  >\n\t\t\t\t<div class=\"col-inner\"  >\n\t\t\t\n\t\t\t\n\t<div class=\"img has-hover x md-x lg-x y md-y lg-y\" id=\"image_1547239982\">\n\t\t\t\t\t\t\t\t<div class=\"img-inner image-cover dark\" style=\"padding-top:56.25%;\">\n\t\t\t<img loading=\"lazy\" decoding=\"async\" width=\"1600\" height=\"1066\" src=\"https:\/\/megafruit.vn\/wp-content\/uploads\/2025\/12\/unnamed-17-1.jpg\" class=\"attachment-original size-original\" alt=\"\" srcset=\"https:\/\/megafruit.vn\/wp-content\/uploads\/2025\/12\/unnamed-17-1.jpg 1600w, https:\/\/megafruit.vn\/wp-content\/uploads\/2025\/12\/unnamed-17-1-300x200.jpg 300w, https:\/\/megafruit.vn\/wp-content\/uploads\/2025\/12\/unnamed-17-1-1024x682.jpg 1024w, https:\/\/megafruit.vn\/wp-content\/uploads\/2025\/12\/unnamed-17-1-768x512.jpg 768w, https:\/\/megafruit.vn\/wp-content\/uploads\/2025\/12\/unnamed-17-1-1536x1023.jpg 1536w, https:\/\/megafruit.vn\/wp-content\/uploads\/2025\/12\/unnamed-17-1-600x400.jpg 600w\" sizes=\"auto, (max-width: 1600px) 100vw, 1600px\" \/>\t\t\t\t\t\t\n\t\t\t\t\t<\/div>\n\t\t\t\t\t\t\t\t\n<style>\n#image_1547239982 {\n  width: 100%;\n}\n<\/style>\n\t<\/div>\n\t\n\t\t<\/div>\n\t\t\t\t\n<style>\n#col-855995134 > .col-inner {\n  margin: 0px 0px 0px 0px;\n}\n<\/style>\n\t<\/div>\n\n\t\n<\/div>\n\t\t<\/div>\n\n\t\t\n<style>\n#section_1432468631 {\n  padding-top: 79px;\n  padding-bottom: 79px;\n  background-color: rgb(248, 248, 248);\n}\n@media (min-width:550px) {\n  #section_1432468631 {\n    padding-top: 30px;\n    padding-bottom: 30px;\n  }\n}\n<\/style>\n\t<\/section>\n\t\n\n\t<section class=\"section\" id=\"section_785361407\">\n\t\t<div class=\"section-bg fill\" >\n\t\t\t\t\t\t\t\t\t\n\t\t\t\n\n\t\t<\/div>\n\n\t\t\n\n\t\t<div class=\"section-content relative\">\n\t\t\t\n<div class=\"row\"  id=\"row-1136779961\">\n\n\t<div id=\"col-1729909671\" class=\"col small-12 large-12\"  >\n\t\t\t\t<div class=\"col-inner\"  >\n\t\t\t\n\t\t\t\n\t<div id=\"text-2047651521\" class=\"text\">\n\t\t\n<h2>Th\u1ebf m\u1ea1nh c\u1ee7a Mega Fruit<\/h2>\n\t\t\n<style>\n#text-2047651521 {\n  text-align: center;\n  color: rgb(0,0,0);\n}\n#text-2047651521 > * {\n  color: rgb(0,0,0);\n}\n<\/style>\n\t<\/div>\n\t\n\t\t<\/div>\n\t\t\t\t\t<\/div>\n\n\t\n<\/div>\n<div class=\"row row-large align-equal align-center mbws-roww-tintuong\"  id=\"row-2024531651\">\n\n\t<div id=\"col-1045605715\" class=\"col medium-4 small-12 large-4\"  >\n\t\t\t\t<div class=\"col-inner box-shadow-2 box-shadow-2-hover dark\" style=\"background-color:rgb(81, 91, 79);\" >\n\t\t\t\n\t<div class=\"is-border\"\n\t\tstyle=\"border-radius:10px;border-width:1px 1px 1px 1px;margin:0px 0px 0px 0px;\">\n\t<\/div>\n\t\t\t\n<hr class=\"no_line\" style=\"margin: 0 auto 20px auto;\" \/>\n<h4 class=\"themecolor\">H\u1ee3p t\u00e1c tr\u1ef1c ti\u1ebfp v\u1edbi v\u00f9ng tr\u1ed3ng<\/h4>\n<hr class=\"no_line\" style=\"margin: 0 auto 15px auto;\" \/>\n<p style=\"text-align: left;\">Ki\u1ec3m so\u00e1t ch\u1ea5t l\u01b0\u1ee3ng ngay t\u1eeb ngu\u1ed3n, \u0111\u1ea3m b\u1ea3o s\u1ea3n l\u01b0\u1ee3ng \u1ed5n \u0111\u1ecbnh v\u00e0 truy xu\u1ea5t ngu\u1ed3n g\u1ed1c.<\/p>\n\t\t<\/div>\n\t\t\t\t\n<style>\n#col-1045605715 > .col-inner {\n  padding: 20px 20px 20px 30px;\n  border-radius: 10px;\n}\n<\/style>\n\t<\/div>\n\n\t\n\n\t<div id=\"col-689308486\" class=\"col medium-4 small-12 large-4\"  >\n\t\t\t\t<div class=\"col-inner box-shadow-2 box-shadow-2-hover dark\" style=\"background-color:rgb(81, 91, 79);\" >\n\t\t\t\n\t<div class=\"is-border\"\n\t\tstyle=\"border-radius:10px;border-width:1px 1px 1px 1px;margin:0px 0px 0px 0px;\">\n\t<\/div>\n\t\t\t\n<hr class=\"no_line\" style=\"margin: 0 auto 20px auto;\" \/>\n<h4 class=\"themecolor\">N\u0103ng l\u1ef1c ch\u1ebf bi\u1ebfn &#038; sau thu ho\u1ea1ch<\/h4>\n<hr class=\"no_line\" style=\"margin: 0 auto 15px auto;\" \/>\n<p style=\"text-align: left;\"><span style=\"font-weight: 400;\">\u0110\u00e1p \u1ee9ng y\u00eau c\u1ea7u v\u1ec1 ph\u00e2n lo\u1ea1i, \u0111\u00f3ng g\u00f3i, b\u1ea3o qu\u1ea3n v\u00e0 ti\u00eau chu\u1ea9n nh\u1eadp kh\u1ea9u.<\/span><\/p>\n\t\t<\/div>\n\t\t\t\t\n<style>\n#col-689308486 > .col-inner {\n  padding: 20px 20px 20px 30px;\n  border-radius: 10px;\n}\n<\/style>\n\t<\/div>\n\n\t\n\n\t<div id=\"col-25666584\" class=\"col medium-4 small-12 large-4\"  >\n\t\t\t\t<div class=\"col-inner box-shadow-2 box-shadow-2-hover dark\" style=\"background-color:rgb(81, 91, 79);\" >\n\t\t\t\n\t<div class=\"is-border\"\n\t\tstyle=\"border-radius:10px;border-width:1px 1px 1px 1px;margin:0px 0px 0px 0px;\">\n\t<\/div>\n\t\t\t\n<hr class=\"no_line\" style=\"margin: 0 auto 20px auto;\" \/>\n<h4 class=\"themecolor\">Chu\u1ed7i cung \u1ee9ng linh ho\u1ea1t<\/h4>\n<hr class=\"no_line\" style=\"margin: 0 auto 15px auto;\" \/>\n<p style=\"text-align: left;\"><span style=\"font-weight: 400;\">M\u1ea1ng l\u01b0\u1edbi nh\u00e0 m\u00e1y v\u00e0 \u0111\u1ed1i t\u00e1c logistics gi\u00fap \u0111\u1ea3m b\u1ea3o ti\u1ebfn \u0111\u1ed9 v\u00e0 t\u1ed1i \u01b0u chi ph\u00ed.<br \/>\n<\/span><\/p>\n\t\t<\/div>\n\t\t\t\t\n<style>\n#col-25666584 > .col-inner {\n  padding: 20px 20px 20px 30px;\n  border-radius: 10px;\n}\n<\/style>\n\t<\/div>\n\n\t\n\n\t<div id=\"col-715788943\" class=\"col medium-4 small-12 large-4\"  >\n\t\t\t\t<div class=\"col-inner box-shadow-2 box-shadow-2-hover dark\" style=\"background-color:rgb(81, 91, 79);\" >\n\t\t\t\n\t<div class=\"is-border\"\n\t\tstyle=\"border-radius:10px;border-width:1px 1px 1px 1px;margin:0px 0px 0px 0px;\">\n\t<\/div>\n\t\t\t\n<hr class=\"no_line\" style=\"margin: 0 auto 20px auto;\" \/>\n<h4 class=\"themecolor\">L\u1ea5y \u0111\u1ed1i t\u00e1c l\u00e0m trung t\u00e2m<\/h4>\n<hr class=\"no_line\" style=\"margin: 0 auto 15px auto;\" \/>\n<p style=\"text-align: left;\">Gi\u1ea3i ph\u00e1p \u0111\u01b0\u1ee3c thi\u1ebft k\u1ebf ri\u00eang theo t\u1eebng th\u1ecb tr\u01b0\u1eddng v\u00e0 m\u00f4 h\u00ecnh kinh doanh.<\/p>\n\t\t<\/div>\n\t\t\t\t\n<style>\n#col-715788943 > .col-inner {\n  padding: 20px 20px 20px 30px;\n  border-radius: 10px;\n}\n<\/style>\n\t<\/div>\n\n\t\n\n\t<div id=\"col-770775553\" class=\"col medium-4 small-12 large-4\"  >\n\t\t\t\t<div class=\"col-inner box-shadow-2 box-shadow-2-hover dark\" style=\"background-color:rgb(81, 91, 79);\" >\n\t\t\t\n\t<div class=\"is-border\"\n\t\tstyle=\"border-radius:10px;border-width:1px 1px 1px 1px;margin:0px 0px 0px 0px;\">\n\t<\/div>\n\t\t\t\n<hr class=\"no_line\" style=\"margin: 0 auto 20px auto;\" \/>\n<h4 class=\"themecolor\">Ngu\u1ed3n cung quanh n\u0103m<\/h4>\n<hr class=\"no_line\" style=\"margin: 0 auto 15px auto;\" \/>\n<p style=\"text-align: left;\">Khai th\u00e1c \u0111a v\u00f9ng tr\u1ed3ng, \u0111a m\u00f9a v\u1ee5 \u0111\u1ec3 \u0111\u1ea3m b\u1ea3o cung \u1ee9ng li\u00ean t\u1ee5c.<\/p>\n\t\t<\/div>\n\t\t\t\t\n<style>\n#col-770775553 > .col-inner {\n  padding: 20px 20px 20px 30px;\n  border-radius: 10px;\n}\n<\/style>\n\t<\/div>\n\n\t\n<\/div>\n\t\t<\/div>\n\n\t\t\n<style>\n#section_785361407 {\n  padding-top: 40px;\n  padding-bottom: 40px;\n}\n<\/style>\n\t<\/section>\n\t\n\n\t<section class=\"section pb-0\" id=\"section_592501778\">\n\t\t<div class=\"section-bg fill\" >\n\t\t\t\t\t\t\t\t\t\n\t\t\t\n\n\t\t<\/div>\n\n\t\t\n\n\t\t<div class=\"section-content relative\">\n\t\t\t\n<div class=\"row align-center\"  id=\"row-1465179100\">\n\n\t<div id=\"col-1677943358\" class=\"col small-12 large-12\"  >\n\t\t\t\t<div class=\"col-inner\"  >\n\t\t\t\n\t\t\t\n\t<div id=\"text-1935165950\" class=\"text\">\n\t\t\n<h2>M\u1ea1ng l\u01b0\u1edbi to\u00e0n qu\u1ed1c \u2013 Danh m\u1ee5c \u0111a d\u1ea1ng \u2013 N\u0103ng l\u1ef1c \u0111\u00e1ng tin c\u1eady<\/h2>\n\t\t\n<style>\n#text-1935165950 {\n  text-align: center;\n  color: rgb(0,0,0);\n}\n#text-1935165950 > * {\n  color: rgb(0,0,0);\n}\n<\/style>\n\t<\/div>\n\t\n\t\t<\/div>\n\t\t\t\t\t<\/div>\n\n\t\n\n\t<div id=\"col-1790598089\" class=\"col medium-4 small-12 large-4\"  >\n\t\t\t\t<div class=\"col-inner\"  >\n\t\t\t\n\t\t\t\n\t<div class=\"box has-hover   has-hover box-text-bottom\" >\n\n\t\t<div class=\"box-image\" style=\"border-radius:5%;\">\n\t\t\t\t\t\t<div class=\"image-zoom image-cover\" style=\"padding-top:140%;\">\n\t\t\t\t<img loading=\"lazy\" decoding=\"async\" width=\"1024\" height=\"1536\" src=\"https:\/\/megafruit.vn\/wp-content\/uploads\/2026\/01\/91586842-e50b-4ddb-94ef-ef01587cdd73.png\" class=\"attachment-original size-original\" alt=\"\" srcset=\"https:\/\/megafruit.vn\/wp-content\/uploads\/2026\/01\/91586842-e50b-4ddb-94ef-ef01587cdd73.png 1024w, https:\/\/megafruit.vn\/wp-content\/uploads\/2026\/01\/91586842-e50b-4ddb-94ef-ef01587cdd73-200x300.png 200w, https:\/\/megafruit.vn\/wp-content\/uploads\/2026\/01\/91586842-e50b-4ddb-94ef-ef01587cdd73-683x1024.png 683w, https:\/\/megafruit.vn\/wp-content\/uploads\/2026\/01\/91586842-e50b-4ddb-94ef-ef01587cdd73-768x1152.png 768w, https:\/\/megafruit.vn\/wp-content\/uploads\/2026\/01\/91586842-e50b-4ddb-94ef-ef01587cdd73-510x765.png 510w\" sizes=\"auto, (max-width: 1024px) 100vw, 1024px\" \/>\t\t\t\t\t\t\t\t\t\t\t<\/div>\n\t\t\t\t\t<\/div>\n\n\t\t<div class=\"box-text text-center\" >\n\t\t\t<div class=\"box-text-inner\">\n\t\t\t\t\n\t<div id=\"gap-1520999175\" class=\"gap-element clearfix\" style=\"display:block; height:auto;\">\n\t\t\n<style>\n#gap-1520999175 {\n  padding-top: 30px;\n}\n<\/style>\n\t<\/div>\n\t\n\t<div id=\"text-452562038\" class=\"text\">\n\t\t\n<p style=\"text-align: justify;\">Megafruit x\u00e2y d\u1ef1ng h\u1ec7 th\u1ed1ng thu mua v\u00e0 s\u1ea3n xu\u1ea5t tr\u1ea3i d\u00e0i kh\u1eafp Vi\u1ec7t Nam, cung c\u1ea5p nhi\u1ec1u ch\u1ee7ng lo\u1ea1i tr\u00e1i c\u00e2y nhi\u1ec7t \u0111\u1edbi v\u00e0 n\u00f4ng s\u1ea3n ch\u1ea5t l\u01b0\u1ee3ng cao.<\/p>\n\t\t\n<style>\n#text-452562038 {\n  text-align: left;\n}\n<\/style>\n\t<\/div>\n\t\n\t\t\t<\/div>\n\t\t<\/div>\n\t<\/div>\n\t\n\t\t<\/div>\n\t\t\t\t\t<\/div>\n\n\t\n\n\t<div id=\"col-1660242256\" class=\"col medium-4 small-12 large-4\"  >\n\t\t\t\t<div class=\"col-inner\"  >\n\t\t\t\n\t\t\t\n\t<div class=\"box has-hover   has-hover box-text-bottom\" >\n\n\t\t<div class=\"box-image\" style=\"border-radius:5%;\">\n\t\t\t\t\t\t<div class=\"image-zoom image-cover\" style=\"padding-top:140%;\">\n\t\t\t\t<img loading=\"lazy\" decoding=\"async\" width=\"1024\" height=\"1536\" src=\"https:\/\/megafruit.vn\/wp-content\/uploads\/2026\/01\/9467cf67-21f9-416b-b9d5-1179ba64a719.png\" class=\"attachment-original size-original\" alt=\"\" srcset=\"https:\/\/megafruit.vn\/wp-content\/uploads\/2026\/01\/9467cf67-21f9-416b-b9d5-1179ba64a719.png 1024w, https:\/\/megafruit.vn\/wp-content\/uploads\/2026\/01\/9467cf67-21f9-416b-b9d5-1179ba64a719-200x300.png 200w, https:\/\/megafruit.vn\/wp-content\/uploads\/2026\/01\/9467cf67-21f9-416b-b9d5-1179ba64a719-683x1024.png 683w, https:\/\/megafruit.vn\/wp-content\/uploads\/2026\/01\/9467cf67-21f9-416b-b9d5-1179ba64a719-768x1152.png 768w, https:\/\/megafruit.vn\/wp-content\/uploads\/2026\/01\/9467cf67-21f9-416b-b9d5-1179ba64a719-510x765.png 510w\" sizes=\"auto, (max-width: 1024px) 100vw, 1024px\" \/>\t\t\t\t\t\t\t\t\t\t\t<\/div>\n\t\t\t\t\t<\/div>\n\n\t\t<div class=\"box-text text-center\" >\n\t\t\t<div class=\"box-text-inner\">\n\t\t\t\t\n\t<div id=\"gap-729983783\" class=\"gap-element clearfix\" style=\"display:block; height:auto;\">\n\t\t\n<style>\n#gap-729983783 {\n  padding-top: 30px;\n}\n<\/style>\n\t<\/div>\n\t\n\t<div id=\"text-532568593\" class=\"text\">\n\t\t\n<p style=\"text-align: justify;\" data-start=\"3186\" data-end=\"3354\">C\u00e1c c\u01a1 s\u1edf \u0111\u1ed1i t\u00e1c \u0111\u01b0\u1ee3c ch\u1ee9ng nh\u1eadn theo ti\u00eau chu\u1ea9n qu\u1ed1c t\u1ebf, s\u1eb5n s\u00e0ng ph\u1ee5c v\u1ee5 c\u00e1c \u0111\u01a1n h\u00e0ng xu\u1ea5t kh\u1ea9u v\u1edbi y\u00eau c\u1ea7u nghi\u00eam ng\u1eb7t v\u1ec1 ch\u1ea5t l\u01b0\u1ee3ng, an to\u00e0n th\u1ef1c ph\u1ea9m v\u00e0 \u0111\u00f3ng g\u00f3i.<\/p>\n\t\t\n<style>\n#text-532568593 {\n  text-align: left;\n}\n<\/style>\n\t<\/div>\n\t\n\t\t\t<\/div>\n\t\t<\/div>\n\t<\/div>\n\t\n\t\t<\/div>\n\t\t\t\t\t<\/div>\n\n\t\n<\/div>\n\t\t<\/div>\n\n\t\t\n<style>\n#section_592501778 {\n  padding-top: 40px;\n  padding-bottom: 40px;\n  background-color: #f8f8f8;\n}\n<\/style>\n\t<\/section>\n\t\n\n","protected":false},"excerpt":{"rendered":"","protected":false},"author":1,"featured_media":0,"parent":0,"menu_order":0,"comment_status":"closed","ping_status":"closed","template":"page-transparent-header.php","meta":{"footnotes":""},"class_list":["post-726","page","type-page","status-publish","hentry"],"_links":{"self":[{"href":"https:\/\/megafruit.vn\/vi\/wp-json\/wp\/v2\/pages\/726","targetHints":{"allow":["GET"]}}],"collection":[{"href":"https:\/\/megafruit.vn\/vi\/wp-json\/wp\/v2\/pages"}],"about":[{"href":"https:\/\/megafruit.vn\/vi\/wp-json\/wp\/v2\/types\/page"}],"author":[{"embeddable":true,"href":"https:\/\/megafruit.vn\/vi\/wp-json\/wp\/v2\/users\/1"}],"replies":[{"embeddable":true,"href":"https:\/\/megafruit.vn\/vi\/wp-json\/wp\/v2\/comments?post=726"}],"version-history":[{"count":34,"href":"https:\/\/megafruit.vn\/vi\/wp-json\/wp\/v2\/pages\/726\/revisions"}],"predecessor-version":[{"id":1184,"href":"https:\/\/megafruit.vn\/vi\/wp-json\/wp\/v2\/pages\/726\/revisions\/1184"}],"wp:attachment":[{"href":"https:\/\/megafruit.vn\/vi\/wp-json\/wp\/v2\/media?parent=726"}],"curies":[{"name":"wp","href":"https:\/\/api.w.org\/{rel}","templated":true}]}}